{"id":967,"date":"2019-04-02T16:26:53","date_gmt":"2019-04-02T14:26:53","guid":{"rendered":"http:\/\/www.residenciacoloma.es\/aviso-legal\/"},"modified":"2019-04-28T11:42:39","modified_gmt":"2019-04-28T09:42:39","slug":"aviso-legal","status":"publish","type":"page","link":"https:\/\/residenciacoloma.com\/ca\/aviso-legal\/","title":{"rendered":"Aviso Legal"},"content":{"rendered":"<div class=\"wpb-content-wrapper\"><p>[vc_row][vc_column][vc_empty_space alter_height=&#8221;large&#8221; hide_on_mobile=&#8221;&#8221;][vc_column_text]<\/p>\n<h5><strong>IDENTIFICACI\u00d3N Y TITULARIDAD<\/strong><\/h5>\n<p>En cumplimiento del art\u00edculo 10 de la Ley 34\/2002, de 11 de julio, de Servicios de la Sociedad de la Informaci\u00f3n y Comercio Electr\u00f3nico, a continuaci\u00f3n se exponen los datos identificativos del titular.<\/p>\n<ul>\n<li>Titular:\u00a0HOGAR GERIATRICO COLOMA SL<\/li>\n<li>NIF\/CIF:\u00a0B61582896<\/li>\n<li>Domicilio:\u00a0Carrer de Pit\u00e0gores 14, 08031 Barcelona<\/li>\n<li>Correo electr\u00f3nico:\u00a0direccio@residenciacoloma.es<\/li>\n<\/ul>\n<h5><strong>FINALIDAD<\/strong><\/h5>\n<p>La finalidad del sitio web www.residenciacoloma.com es la informaci\u00f3n para clientes y posibles clientes de la residencia y del centro de d\u00eda.<\/p>\n<h5><strong>CONDICIONES DE USO<\/strong><\/h5>\n<p>La simple y mera utilizaci\u00f3n de la p\u00e1gina Web otorga la condici\u00f3n de usuario de la p\u00e1gina, bien sea persona f\u00edsica o jur\u00eddica, y obligatoriamente implica la aceptaci\u00f3n completa, plena y sin reservas de todas y cada una de las cl\u00e1usulas y condiciones generales incluidas en el Aviso Legal. Si el Usuario no estuviera conforme con las cl\u00e1usulas y condiciones de uso de este Aviso Legal, se abstendr\u00e1 de utilizar la p\u00e1gina Web.<\/p>\n<p>El usuario queda informado, y acepta, que el acceso a la presente web no supone, en modo alguno, el inicio de una relaci\u00f3n comercial con HOGAR GERIATRICO COLOMA SL.<\/p>\n<p>A trav\u00e9s de la p\u00e1gina Web el HOGAR GERIATRICO COLOMA SL facilita a los usuarios el acceso y la utilizaci\u00f3n de diversos Contenidos publicados por medio de Internet.<\/p>\n<p>A tal efecto, el Usuario se obliga y se compromete a NO utilizar cualquiera de los Contenidos con fines o efectos il\u00edcitos, prohibidos en el Aviso Legal o por la legislaci\u00f3n vigente, lesivos de los derechos e intereses de terceros, o que de cualquier forma puedan da\u00f1ar, inutilizar, sobrecargar, deteriorar o impedir la normal utilizaci\u00f3n de los Contenidos, los equipos inform\u00e1ticos o los documentos, archivos y toda clase de contenidos almacenados en cualquier equipo inform\u00e1tico propios o contratados por HOGAR GERIATRICO COLOMA SL, de otros Usuarios o de cualquier usuario de Internet (hardware y software).<\/p>\n<h5><strong>MEDIDAS DE SEGURIDAD<\/strong><\/h5>\n<p>Los datos personales comunicados por el usuario a HOGAR GERIATRICO COLOMA SL pueden ser almacenados en bases de datos automatizadas o no, cuya titularidad corresponde en exclusiva a HOGAR GERIATRICO COLOMA SL, asumiendo \u00e9sta todas las medidas de \u00edndole t\u00e9cnica, organizativa y de seguridad que garantizan la confidencialidad, integridad y calidad de la informaci\u00f3n contenida en las mismas de acuerdo con lo establecido en la normativa vigente en protecci\u00f3n de datos.<\/p>\n<p>No obstante, el usuario debe ser consciente de que las medidas de seguridad de los sistemas inform\u00e1ticos en Internet no son enteramente fiables y que, por tanto HOGAR GERIATRICO COLOMA SL no puede garantizar la inexistencia de malware u otros elementos que puedan producir alteraciones en los sistemas inform\u00e1ticos (software y hardware) del usuario o en sus documentos electr\u00f3nicos y ficheros contenidos en los mismos aunque se ponen todos los medios necesarios y las medidas de seguridad oportunas para evitar la presencia de estos elementos da\u00f1inos.<\/p>\n<h5><strong>DATOS PERSONALES QUE RECABAMOS Y C\u00d3MO LO HACEMOS<\/strong><\/h5>\n<p>Puedes consultar toda la informaci\u00f3n relativa a los datos personales que recogemos en la p\u00e1gina de\u00a0<a href=\"https:\/\/residenciacoloma.com\/ca\/politica-de-privacidad\/\"><strong>pol\u00edtica de privacidad<\/strong><\/a><strong>.<\/strong><\/p>\n<h5><strong>CONTENIDOS<\/strong><\/h5>\n<p>HOGAR GERIATRICO COLOMA SL ha obtenido la informaci\u00f3n y los materiales incluidos en la Web de fuentes consideradas como fiables, pero, si bien se han tomado medidas razonables para asegurarse de que la Informaci\u00f3n contenida sea correcta, HOGAR GERIATRICO COLOMA SL no garantiza que sea exacta, completa, o actualizada. HOGAR GERIATRICO COLOMA SL declina expresamente cualquier responsabilidad por error u omisi\u00f3n en la Informaci\u00f3n contenida en las p\u00e1ginas de esta Web.<\/p>\n<p>Queda prohibido transmitir o enviar a trav\u00e9s de la Web cualquier contenido ilegal o il\u00edcito, virus inform\u00e1ticos, o mensajes que, en general, afecten o violen derechos de\u00a0HOGAR GERIATRICO COLOMA SL o de terceros.<\/p>\n<p>Los contenidos de esta Web tienen \u00fanicamente finalidad informativa y bajo ninguna circunstancia deben usarse ni considerarse como oferta de venta, solicitud de una oferta de compra ni recomendaci\u00f3n para realizar cualquier otra operaci\u00f3n, salvo que as\u00ed se indique expresamente.<\/p>\n<p>HOGAR GERIATRICO COLOMA SL se reserva el derecho a modificar, suspender, cancelar o restringir el contenido de la Web, los v\u00ednculos o la informaci\u00f3n obtenida a trav\u00e9s de ella, sin necesidad de previo aviso.<\/p>\n<p>HOGAR GERIATRICO COLOMA SL\u00a0no es responsable de los datos y perjuicios que pudieran derivarse de la utilizaci\u00f3n de los documentos por el usuario receptor.<\/p>\n<h5><strong>ENLACES DE ACCESO A OTROS SITIOS WEB<\/strong><\/h5>\n<p>HOGAR GERIATRICO COLOMA SL proporciona al usuario el acceso a otros sitios Web de terceras personas mediante links (enlaces) con la finalidad exclusiva de informarle sobre la existencia de otras fuentes de informaci\u00f3n en Internet con las que podr\u00e1 ampliar los datos que se le ofrecen en este sitio Web.<\/p>\n<p>Estos enlaces a otros sitios Web no suponen en ning\u00fan caso una sugerencia o recomendaci\u00f3n de visitar las p\u00e1ginas Web de destino, que se encuentran fuera del control de HOGAR GERIATRICO COLOMA SL, por lo que HOGAR GERIATRICO COLOMA SL no es responsable del contenido de los sitios Web vinculados ni del resultado obtenido por el usuario a trav\u00e9s de dichos enlaces hipertextuales.<\/p>\n<p>Asimismo, HOGAR GERIATRICO COLOMA SL no responde de los links o enlaces ubicados en los sitios vinculados a los que proporciona acceso.<\/p>\n<h5><strong>PROPIEDAD INTELECTUAL E INDUSTRIAL<\/strong><\/h5>\n<p>Todos los derechos est\u00e1n reservados. Todo acceso a esta p\u00e1gina Web est\u00e1 sujeto a las siguientes condiciones: la reproducci\u00f3n, almacenaje permanente y la difusi\u00f3n de los contenidos o cualquier otro uso que tenga finalidad p\u00fablica o comercial queda expresamente prohibida sin el consentimiento previo expreso y por escrito de HOGAR GERIATRICO COLOMA SL.<\/p>\n<h5><strong>LIMITACI\u00d3N DE RESPONSABILIDAD<\/strong><\/h5>\n<p>La informaci\u00f3n y servicios incluidos o disponibles a trav\u00e9s del sitio\u00a0<a href=\"https:\/\/residenciacoloma.com\/\">www.residenciacoloma.com<\/a>\u00a0pueden incluir incorrecciones o errores tipogr\u00e1ficos. De forma peri\u00f3dica se incorporan cambios a la informaci\u00f3n contenida. HOGAR GERIATRICO COLOMA SL puede introducir en cualquier momento mejoras y\/o cambios en los servicios o contenidos.<\/p>\n<p>HOGAR GERIATRICO COLOMA SL declina cualquier responsabilidad en caso de que existan interrupciones o un mal funcionamiento de los servicios o contenidos ofrecidos en Internet, cualquiera que sea su causa. Asimismo, HOGAR GERIATRICO COLOMA SL no se hace responsable por ca\u00eddas de la red, p\u00e9rdidas de negocio a consecuencia de dichas ca\u00eddas, suspensiones temporales de fluido el\u00e9ctrico o cualquier otro tipo de da\u00f1o indirecto que le pueda ser causado a los Usuarios por causas ajenas a HOGAR GERIATRICO COLOMA SL<\/p>\n<p>HOGAR GERIATRICO COLOMA SL no declara ni garantiza que los servicios o contenidos sean interrumpidos o que est\u00e9n libres de errores, que los defectos sean corregidos, o que el servicio o el servidor que lo pone a disposici\u00f3n est\u00e9n libres de virus u otros componentes nocivos sin perjuicio de que HOGAR GERIATRICO COLOMA SL realiza sus mejores esfuerzos en evitar este tipo de incidentes. En caso de que el Usuario tomara determinadas decisiones o realizara acciones con base a la informaci\u00f3n incluida en cualquiera de los sitios Web, se recomienda la comprobaci\u00f3n de la informaci\u00f3n recibida con otras fuentes.<\/p>\n<h5><strong>DERECHO DE EXCLUSI\u00d3N<\/strong><\/h5>\n<p>HOGAR GERIATRICO COLOMA SL se reserva el derecho a denegar o retirar el acceso a portal y\/o los servicios ofrecidos sin necesidad de preaviso, a instancia propia o de un tercero, a aquellos usuarios que incumplan las presentes Condiciones Generales de Uso.<\/p>\n<h5><strong>JURISDICCI\u00d3N<\/strong><\/h5>\n<p>Para cuantas cuestiones se susciten sobre la interpretaci\u00f3n, aplicaci\u00f3n y cumplimiento de este Aviso Legal, as\u00ed como de las reclamaciones que puedan derivarse de su uso, todos las partes intervinientes se someten a los Jueces y Tribunales de la provincia de Barcelona, renunciando de forma expresa a cualquier otro fuero que pudiera corresponderles.<\/p>\n<h5><strong>CONTACTO<\/strong><\/h5>\n<p>En caso de que cualquier usuario tuviese alguna duda acerca de estas Condiciones legales o cualquier comentario sobre el portal\u00a0<a href=\"https:\/\/residenciacoloma.com\/\">www.residenciacoloma.com<\/a>, puede enviar un correo a direccio@residenciacoloma.es.[\/vc_column_text][\/vc_column][\/vc_row]<\/p>\n<\/div>","protected":false},"excerpt":{"rendered":"<p>[vc_row][vc_column][vc_empty_space alter_height=&#8221;large&#8221; hide_on_mobile=&#8221;&#8221;][vc_column_text] IDENTIFICACI\u00d3N Y TITULARIDAD En cumplimiento del art\u00edculo 10 de la Ley 34\/2002, de 11 de julio, de Servicios de la Sociedad de la Informaci\u00f3n y Comercio Electr\u00f3nico, a continuaci\u00f3n se exponen los datos identificativos del titular. Titular:\u00a0HOGAR GERIATRICO COLOMA SL NIF\/CIF:\u00a0B61582896 Domicilio:\u00a0Carrer de Pit\u00e0gores 14, 08031 Barcelona Correo electr\u00f3nico:\u00a0direccio@residenciacoloma.es FINALIDAD La finalidad del sitio web www.residenciacoloma.com es&hellip;<\/p>\n","protected":false},"author":1,"featured_media":0,"parent":0,"menu_order":0,"comment_status":"closed","ping_status":"closed","template":"","meta":{"footnotes":""},"class_list":["post-967","page","type-page","status-publish","hentry"],"_links":{"self":[{"href":"https:\/\/residenciacoloma.com\/ca\/wp-json\/wp\/v2\/pages\/967","targetHints":{"allow":["GET"]}}],"collection":[{"href":"https:\/\/residenciacoloma.com\/ca\/wp-json\/wp\/v2\/pages"}],"about":[{"href":"https:\/\/residenciacoloma.com\/ca\/wp-json\/wp\/v2\/types\/page"}],"author":[{"embeddable":true,"href":"https:\/\/residenciacoloma.com\/ca\/wp-json\/wp\/v2\/users\/1"}],"replies":[{"embeddable":true,"href":"https:\/\/residenciacoloma.com\/ca\/wp-json\/wp\/v2\/comments?post=967"}],"version-history":[{"count":2,"href":"https:\/\/residenciacoloma.com\/ca\/wp-json\/wp\/v2\/pages\/967\/revisions"}],"predecessor-version":[{"id":1076,"href":"https:\/\/residenciacoloma.com\/ca\/wp-json\/wp\/v2\/pages\/967\/revisions\/1076"}],"wp:attachment":[{"href":"https:\/\/residenciacoloma.com\/ca\/wp-json\/wp\/v2\/media?parent=967"}],"curies":[{"name":"wp","href":"https:\/\/api.w.org\/{rel}","templated":true}]}}